{"id":108,"date":"2022-12-06T19:53:05","date_gmt":"2022-12-06T18:53:05","guid":{"rendered":"https:\/\/wp10599628.server-he.de\/?page_id=108"},"modified":"2022-12-06T19:57:53","modified_gmt":"2022-12-06T18:57:53","slug":"weitere-massnahmen","status":"publish","type":"page","link":"https:\/\/dr-thost.de\/index.php\/medizin\/therapie\/weitere-massnahmen\/","title":{"rendered":"Weitere Ma\u00dfnahmen"},"content":{"rendered":"\n<h3 class=\"wp-block-heading\">Eingriff im Bereich der Nasenscheidenwand sowie der Nasennebenh\u00f6hlen<\/h3>\n\n\n\n<p>Eine unbehinderte und regelrechte Atmung durch die Nase ist f\u00fcr die Gesundheit von gro\u00dfer Bedeutung. So nimmt die Nase neben der Funktion des Riechens auch wichtige Funktionen bei der Reinigung, Anw\u00e4rmung und Anfeuchtung der Einatemluft war. Liegt im Bereich der Nase oder Nasennebenh\u00f6hlen eine St\u00f6rung vor, so f\u00fchrt dies fast immer auch zu Problemen im Bereich der tieferen Atemwege. Insbesondere chronische Entz\u00fcndungen im Bereich der Nasennebenh\u00f6hlen k\u00f6nnen einen st\u00e4ndigen Krankheitsherd darstellen. Gelingt es nicht, solche Herde durch Inhalationsbehandlung und medikament\u00f6se Ma\u00dfnahmen auszuheilen, kann die Indikation f\u00fcr einen operativen Eingriff gegeben sein. Auch manche Gruppen von Schnarchern k\u00f6nnen durch einen Eingriff in der Nase Linderung erfahren.<\/p>\n\n\n\n<h3 class=\"wp-block-heading\">Operative Eingriffe im Rachenraum<\/h3>\n\n\n\n<p>Sehr enge Rachenverh\u00e4ltnisse k\u00f6nnen verantwortlich sein f\u00fcr starkes Schnarchen und gewisse Formen des obstruktiven Schlafapnoe-Syndroms. Durch geeignete Ma\u00dfnahmen kann versucht werden, Engstellen im Rachenraum zu erweitern. Hierf\u00fcr kommen verschiedene Operationstechniken unter Einsatz von Laserger\u00e4ten (z. B. Lasergest\u00fctzte Uvuloplastik) oder unter Einsatz von Hitzesonden (z. B. Somnoplastie) in Frage.<\/p>\n\n\n\n<p>Achtung! diese Ma\u00dfnahmen sind vom Betroffenen selbst zu bezahlen wenn lediglich Schnarchen, jedoch kein Schlafapnoe-Syndrom vorliegt.<\/p>\n\n\n\n<h3 class=\"wp-block-heading\">Operative Ma\u00dfnahmen am Lungengewebe<\/h3>\n\n\n\n<p>Trotz der heute sehr guten medikament\u00f6sen M\u00f6glichkeiten gibt es noch viele Situationen bei denen eine operative Entfernung von krankhaftem Lungengewebe n\u00f6tig ist. So stellt die Operation nach wie vor die sicherste und beste M\u00f6glichkeit zur Behandlung des Lungenkrebses dar, sofern die Krankheit im fr\u00fchen Stadium erkannt wird. Weitere Gr\u00fcnde f\u00fcr einen operativen Lungeneingriff k\u00f6nnen sein: Lungenriss (Pneumothorax), Abszessbildung in der Lunge sowie Gewebeentnahme zur Feststellung der Art einer Lungenerkrankung, wenn die Diagnose auf andere Weise nicht gestellt werden kann.<\/p>\n\n\n\n<p>Obwohl lungenchirurgische Eingriffe heutzutage bereits teilweise minimal invasiv (\u201eKnopflochtechnik\u201c) durchgef\u00fchrt werden, so erfordern diese Eingriffe doch weiterhin besondere Vor- und Nachuntersuchungen, die bei uns in der Praxis durchgef\u00fchrt werden.<\/p>\n\n\n\n<p>Bei jeder Lungenoperation ist wichtig, da\u00df Sie sp\u00e4testens bei bekannt werden der Notwendigkeit einer Operation das Rauchen einstellen um einen m\u00f6glichst ungest\u00f6rten Operations- und Heilungsverlauf zu erm\u00f6glichen.<\/p>\n\n\n\n<h3 class=\"wp-block-heading\">Station\u00e4re Rehabilitationsma\u00dfnahmen<\/h3>\n\n\n\n<p>Station\u00e4re Rehabilitationsma\u00dfnahmen sind seit vielen Jahrzehnten in der Lungenheilkunde etabliert. W\u00e4hrend diese Ma\u00dfnahmen in fr\u00fcheren Zeiten \u00fcberwiegend der Erholung dienten (man denke nur an Lungenschwindsucht und Thomas Mann) hat sich die Betrachtungsweise in den letzten Jahren deutlich ge\u00e4ndert. Es wird jetzt viel mehr als fr\u00fcher der Behandlungsschwerpunkt auf aktive Mitarbeit der Patienten und Schulung zum richtigen Krankheitsverst\u00e4ndnis sowie zur richtigen Krankheitsbew\u00e4ltigung gelegt. Besonders Patienten mit chronisch obstruktiver Bronchitis profitieren von einem regelm\u00e4\u00dfig durchgef\u00fchrten k\u00f6rperlichen Training, so da\u00df Reha-Ma\u00dfnahmen zunehmend \u00f6fters nicht mehr in Form von 3-4-w\u00f6chigen \u201eKuren\u201c in fernen Klimakurorten, sondern ambulant und wohnortnah durchgef\u00fchrt werden. Vorbildlich ist in diesem Zusammenhang die fast fl\u00e4chendeckend angebotene M\u00f6glichkeit zur ambulanten Asthmaschulung bei Pneumologen in Bayern.<\/p>\n\n\n\n<p>Wenn Sie aktives Krankheitsmanagement betreiben wollen und bei Ihnen die Notwendigkeit f\u00fcr eine station\u00e4re Reha-Ma\u00dfnahme gegeben ist, berate ich Sie gerne \u00fcber geeignete Einrichtungen, sowie die entsprechende Vorgehensweise bei der Antragstellung.<\/p>\n\n\n\n<h3 class=\"wp-block-heading\">Nikotinstopp<\/h3>\n\n\n\n<p>Einer der Hauptursachen von Atemwegserkrankungen ist das Rauchen. Ca. 85 % der Lungenkrebspatienten sind Raucher. Dabei ist weniger der Nikotinanteil von Bedeutung (dieser bewirkt \u00fcberwiegend \u201enur\u201c die Abh\u00e4ngigkeit) sondern vor allem die bei dem Verbrennungsprozess freiwerdenden, ca. 5000 verschiedenen Schadstoffe. Aufgrund der durch die Inhalation dieser Schadstoffe verursachten chronischen Reizung und Entz\u00fcndung der Atemwege kommt es zur Entwicklung der chronischen Bronchitis sowie in vielen F\u00e4llen auch zur Entwicklung von Bronchialkarzinomen.<\/p>\n\n\n\n<p>Wesentliche Grundlage der Therapie von Atemwegskrankheiten ist daher in jedem Fall das Einstellen des Rauchens. Ohne diesen zugegebenerma\u00dfen schweren Schritt ist eine dauerhafte Besserung oder Heilung von Atemwegskrankheiten fast nicht m\u00f6glich.<\/p>\n\n\n\n<h3 class=\"wp-block-heading\">Langzeitsauerstofftherapie<\/h3>\n\n\n\n<p>Bei fortgeschrittenen Lungenerkrankungen kann das Lungengewebe dem Blut nicht mehr gen\u00fcgend Sauerstoff zur Verf\u00fcgung stellen. Daraus resultiert eine erhebliche Atemnot sowie eine stark eingeschr\u00e4nkte Belastbarkeit. In diesen F\u00e4llen kann die Anreicherung der Einatemluft durch Sauerstoff zu einer Besserung der Symptome beitragen. Da Sauerstoff jedoch ein fl\u00fcchtiges Gas ist, h\u00e4lt die Wirkung der Behandlung nur solange an, wie Sauerstoff geamtet wird. Dies bedeutet in der Regel da\u00df die entsprechenden Patienten rund um die Uhr Sauerstoff inhalieren m\u00fcssen. Dazu sind sowohl tragbare als auch fahrbare sowie station\u00e4re Ger\u00e4te auf dem Markt erh\u00e4ltlich, so da\u00df sich in jedem Fall eine geeignete Sauerstoffversorgung gew\u00e4hrleisten l\u00e4sst. Hauptproblem bei der Sauerstofflangzeittherapie ist meistens, da\u00df die Behandlung nicht -wie eigentlich n\u00f6tig- kontinuierlich fortgesetzt wird, sondern aus Angst in der \u00d6ffentlichkeit aufzufallen nur inkonsequent angewendet wird. Au\u00dferdem kann das st\u00e4ndige Mitf\u00fchren einer Sauerstoffflasche auch etwas l\u00e4stig sein. Schwerkranke Patienten wissen jedoch den Vorteil der st\u00e4ndigen Sauerstofferg\u00e4nzung zu sch\u00e4tzen.<\/p>\n\n\n\n<p>Voraussetzung daf\u00fcr, da\u00df die Sauerstoffbehandlung sinnvoll ist und die Krankenkassen die hohen Kosten daf\u00fcr \u00fcbernehmen sind ein bestimmter Schweregrad der Erkrankung und der Nachweis der Vertr\u00e4glichkeit, der durch eine sogenannte Testatmung in unserer Praxis nachgewiesen werden mu\u00df. Weitere unabdingbare Voraussetzung ist vollst\u00e4ndiges Einstellen des Rauchens.<\/p>\n","protected":false},"excerpt":{"rendered":"<p>Eingriff im Bereich der Nasenscheidenwand sowie der Nasennebenh\u00f6hlen Eine unbehinderte und regelrechte Atmung durch die Nase ist f\u00fcr die Gesundheit von gro\u00dfer Bedeutung. So nimmt die Nase neben der Funktion des Riechens auch wichtige Funktionen bei der Reinigung, Anw\u00e4rmung und &hellip; <a href=\"https:\/\/dr-thost.de\/index.php\/medizin\/therapie\/weitere-massnahmen\/\">Weiterlesen <span class=\"meta-nav\">&rarr;<\/span><\/a><\/p>\n","protected":false},"author":1,"featured_media":0,"parent":118,"menu_order":0,"comment_status":"closed","ping_status":"closed","template":"","meta":{"footnotes":""},"class_list":["post-108","page","type-page","status-publish","hentry"],"_links":{"self":[{"href":"https:\/\/dr-thost.de\/index.php\/wp-json\/wp\/v2\/pages\/108","targetHints":{"allow":["GET"]}}],"collection":[{"href":"https:\/\/dr-thost.de\/index.php\/wp-json\/wp\/v2\/pages"}],"about":[{"href":"https:\/\/dr-thost.de\/index.php\/wp-json\/wp\/v2\/types\/page"}],"author":[{"embeddable":true,"href":"https:\/\/dr-thost.de\/index.php\/wp-json\/wp\/v2\/users\/1"}],"replies":[{"embeddable":true,"href":"https:\/\/dr-thost.de\/index.php\/wp-json\/wp\/v2\/comments?post=108"}],"version-history":[{"count":1,"href":"https:\/\/dr-thost.de\/index.php\/wp-json\/wp\/v2\/pages\/108\/revisions"}],"predecessor-version":[{"id":109,"href":"https:\/\/dr-thost.de\/index.php\/wp-json\/wp\/v2\/pages\/108\/revisions\/109"}],"up":[{"embeddable":true,"href":"https:\/\/dr-thost.de\/index.php\/wp-json\/wp\/v2\/pages\/118"}],"wp:attachment":[{"href":"https:\/\/dr-thost.de\/index.php\/wp-json\/wp\/v2\/media?parent=108"}],"curies":[{"name":"wp","href":"https:\/\/api.w.org\/{rel}","templated":true}]}}