{"id":27,"date":"2022-12-06T18:13:23","date_gmt":"2022-12-06T17:13:23","guid":{"rendered":"https:\/\/wp10599628.server-he.de\/?page_id=27"},"modified":"2022-12-06T19:55:10","modified_gmt":"2022-12-06T18:55:10","slug":"praxisadresse","status":"publish","type":"page","link":"https:\/\/dr-thost.de\/index.php\/praxis\/praxisadresse\/","title":{"rendered":"Praxisadresse"},"content":{"rendered":"\n<h2 class=\"wp-block-heading\">Schwerpunktpraxis Pneumologie Dr. med. Friedhelm Thost<\/h2>\n\n\n\n<p>Bahnhofsplatz 2 (im Reichsgraf, 2. Stock, direkt gegen\u00fcber Hauptbahnhof)<br>96450 Coburg<\/p>\n\n\n\n<p>Telefon: 0 95 61 \/ 9 04 94<br>Telefax: 0 95 61 \/&nbsp;9 05 10<br>E-Mail: praxis@dr-thost.de<\/p>\n\n\n\n<p>\u00d6ffentliche Parkpl\u00e4tze vor dem Haus<\/p>\n\n\n\n<p><iframe loading=\"lazy\" src=\"https:\/\/maps.google.com\/maps?f=q&amp;source=s_q&amp;hl=de&amp;geocode=&amp;q=Bahnhofsplatz+2,+Coburg,+Deutschland&amp;aq=0&amp;sll=37.0625,-95.677068&amp;sspn=53.961216,79.013672&amp;ie=UTF8&amp;hq=&amp;hnear=Bahnhofsplatz+2,+Coburg+96450+Coburg,+Bayern,+Deutschland&amp;ll=50.262571,10.959334&amp;spn=0.006584,0.013733&amp;z=16&amp;output=embed\" marginwidth=\"0\" marginheight=\"0\" scrolling=\"no\" width=\"640\" height=\"480\" frameborder=\"0\"><\/iframe><br><small><a style=\"color: #0000ff; text-align: left;\" href=\"https:\/\/maps.google.com\/maps?f=q&amp;source=embed&amp;hl=de&amp;geocode=&amp;q=Bahnhofsplatz+2,+Coburg,+Deutschland&amp;aq=0&amp;sll=37.0625,-95.677068&amp;sspn=53.961216,79.013672&amp;ie=UTF8&amp;hq=&amp;hnear=Bahnhofsplatz+2,+Coburg+96450+Coburg,+Bayern,+Deutschland&amp;ll=50.262571,10.959334&amp;spn=0.006584,0.013733&amp;z=16\">Gr\u00f6\u00dfere Kartenansicht<\/a><\/small><\/p>\n","protected":false},"excerpt":{"rendered":"<p>Schwerpunktpraxis Pneumologie Dr. med. Friedhelm Thost Bahnhofsplatz 2 (im Reichsgraf, 2. Stock, direkt gegen\u00fcber Hauptbahnhof)96450 Coburg Telefon: 0 95 61 \/ 9 04 94Telefax: 0 95 61 \/&nbsp;9 05 10E-Mail: praxis@dr-thost.de \u00d6ffentliche Parkpl\u00e4tze vor dem Haus Gr\u00f6\u00dfere Kartenansicht<\/p>\n","protected":false},"author":1,"featured_media":0,"parent":114,"menu_order":0,"comment_status":"closed","ping_status":"closed","template":"","meta":{"footnotes":""},"class_list":["post-27","page","type-page","status-publish","hentry"],"_links":{"self":[{"href":"https:\/\/dr-thost.de\/index.php\/wp-json\/wp\/v2\/pages\/27","targetHints":{"allow":["GET"]}}],"collection":[{"href":"https:\/\/dr-thost.de\/index.php\/wp-json\/wp\/v2\/pages"}],"about":[{"href":"https:\/\/dr-thost.de\/index.php\/wp-json\/wp\/v2\/types\/page"}],"author":[{"embeddable":true,"href":"https:\/\/dr-thost.de\/index.php\/wp-json\/wp\/v2\/users\/1"}],"replies":[{"embeddable":true,"href":"https:\/\/dr-thost.de\/index.php\/wp-json\/wp\/v2\/comments?post=27"}],"version-history":[{"count":2,"href":"https:\/\/dr-thost.de\/index.php\/wp-json\/wp\/v2\/pages\/27\/revisions"}],"predecessor-version":[{"id":29,"href":"https:\/\/dr-thost.de\/index.php\/wp-json\/wp\/v2\/pages\/27\/revisions\/29"}],"up":[{"embeddable":true,"href":"https:\/\/dr-thost.de\/index.php\/wp-json\/wp\/v2\/pages\/114"}],"wp:attachment":[{"href":"https:\/\/dr-thost.de\/index.php\/wp-json\/wp\/v2\/media?parent=27"}],"curies":[{"name":"wp","href":"https:\/\/api.w.org\/{rel}","templated":true}]}}