{"id":30,"date":"2022-12-06T19:32:28","date_gmt":"2022-12-06T18:32:28","guid":{"rendered":"https:\/\/wp10599628.server-he.de\/?page_id=30"},"modified":"2024-02-01T21:30:33","modified_gmt":"2024-02-01T20:30:33","slug":"praxisteam","status":"publish","type":"page","link":"https:\/\/dr-thost.de\/index.php\/praxis\/praxisteam\/","title":{"rendered":"Praxisteam"},"content":{"rendered":"\n<h2 class=\"wp-block-heading\">\u00c4rzte der Gemeinschaftspraxis:<\/h2>\n\n\n\n<div class=\"wp-block-media-text alignwide is-stacked-on-mobile\" style=\"grid-template-columns:30% auto\"><figure class=\"wp-block-media-text__media\"><img loading=\"lazy\" decoding=\"async\" width=\"200\" height=\"300\" src=\"https:\/\/dr-thost.de\/wp-content\/uploads\/2022\/12\/dr-gabriele-strauss.jpg\" alt=\"\" class=\"wp-image-78 size-full\"\/><\/figure><div class=\"wp-block-media-text__content\">\n<h3 class=\"wp-block-heading\"><strong>Frau Dr. med. Gabriele Strau\u00df<\/strong><\/h3>\n\n\n\n<p>Innere Medizin, Pneumologie, Allergologie, Umweltmedizin, Sozialmedizin, Raucherentw\u00f6hnung, Asthma- und COPD-Trainerin<\/p>\n<\/div><\/div>\n\n\n\n<div class=\"wp-block-media-text alignwide is-stacked-on-mobile\" style=\"grid-template-columns:30% auto\"><figure class=\"wp-block-media-text__media\"><img loading=\"lazy\" decoding=\"async\" width=\"200\" height=\"300\" src=\"https:\/\/dr-thost.de\/wp-content\/uploads\/2022\/12\/dr-friedhelm-thost.jpg\" alt=\"\" class=\"wp-image-75 size-full\"\/><\/figure><div class=\"wp-block-media-text__content\">\n<h3 class=\"wp-block-heading\"><strong>Herr Dr. med. Friedhelm Thost<\/strong><\/h3>\n\n\n\n<p>Innere Medizin, Pneumologie, Schlafmedizin, Asthma-und COPD-Trainer<\/p>\n<\/div><\/div>\n\n\n\n<h2 class=\"wp-block-heading\">Mitarbeiterinnen der Praxis:<\/h2>\n\n\n\n<div class=\"wp-block-media-text alignwide is-stacked-on-mobile\" style=\"grid-template-columns:30% auto\"><figure class=\"wp-block-media-text__media\"><img loading=\"lazy\" decoding=\"async\" width=\"200\" height=\"300\" src=\"https:\/\/dr-thost.de\/wp-content\/uploads\/2022\/12\/birgit-mahr.jpg\" alt=\"\" class=\"wp-image-68 size-full\"\/><\/figure><div class=\"wp-block-media-text__content\">\n<h3 class=\"wp-block-heading\"><strong>Birgit Mahr<\/strong><\/h3>\n\n\n\n<p>Leitende Medizinische Fachangestellte, Asthmatrainerin, Verantwortliche f\u00fcr das Praxis-Qualit\u00e4tsmanagement<\/p>\n<\/div><\/div>\n\n\n\n<div class=\"wp-block-media-text alignwide is-stacked-on-mobile\" style=\"grid-template-columns:30% auto\"><figure class=\"wp-block-media-text__media\"><img loading=\"lazy\" decoding=\"async\" width=\"200\" height=\"300\" src=\"https:\/\/dr-thost.de\/wp-content\/uploads\/2022\/12\/andrea-kraeusslich.jpg\" alt=\"\" class=\"wp-image-84 size-full\"\/><\/figure><div class=\"wp-block-media-text__content\">\n<h3 class=\"wp-block-heading\"><strong>Andrea Kr\u00e4u\u00dflich<\/strong><\/h3>\n\n\n\n<p>Pneumologische Arzthelferin<\/p>\n<\/div><\/div>\n\n\n\n<div class=\"wp-block-media-text alignwide is-stacked-on-mobile\" style=\"grid-template-columns:30% auto\"><figure class=\"wp-block-media-text__media\"><img loading=\"lazy\" decoding=\"async\" width=\"200\" height=\"300\" src=\"https:\/\/dr-thost.de\/wp-content\/uploads\/2022\/12\/yvonne-hansen.jpg\" alt=\"\" class=\"wp-image-34 size-full\"\/><\/figure><div class=\"wp-block-media-text__content\">\n<h3 class=\"wp-block-heading\"><strong>Yvonne Hansen<\/strong><\/h3>\n\n\n\n<p>Pneumologische Assistentin, Asthma- und COPD-Trainerin<\/p>\n<\/div><\/div>\n","protected":false},"excerpt":{"rendered":"<p>\u00c4rzte der Gemeinschaftspraxis: Frau Dr. med. Gabriele Strau\u00df Innere Medizin, Pneumologie, Allergologie, Umweltmedizin, Sozialmedizin, Raucherentw\u00f6hnung, Asthma- und COPD-Trainerin Herr Dr. med. Friedhelm Thost Innere Medizin, Pneumologie, Schlafmedizin, Asthma-und COPD-Trainer Mitarbeiterinnen der Praxis: Birgit Mahr Leitende Medizinische Fachangestellte, Asthmatrainerin, Verantwortliche f\u00fcr &hellip; <a href=\"https:\/\/dr-thost.de\/index.php\/praxis\/praxisteam\/\">Weiterlesen <span class=\"meta-nav\">&rarr;<\/span><\/a><\/p>\n","protected":false},"author":1,"featured_media":0,"parent":114,"menu_order":0,"comment_status":"closed","ping_status":"closed","template":"","meta":{"footnotes":""},"class_list":["post-30","page","type-page","status-publish","hentry"],"_links":{"self":[{"href":"https:\/\/dr-thost.de\/index.php\/wp-json\/wp\/v2\/pages\/30","targetHints":{"allow":["GET"]}}],"collection":[{"href":"https:\/\/dr-thost.de\/index.php\/wp-json\/wp\/v2\/pages"}],"about":[{"href":"https:\/\/dr-thost.de\/index.php\/wp-json\/wp\/v2\/types\/page"}],"author":[{"embeddable":true,"href":"https:\/\/dr-thost.de\/index.php\/wp-json\/wp\/v2\/users\/1"}],"replies":[{"embeddable":true,"href":"https:\/\/dr-thost.de\/index.php\/wp-json\/wp\/v2\/comments?post=30"}],"version-history":[{"count":5,"href":"https:\/\/dr-thost.de\/index.php\/wp-json\/wp\/v2\/pages\/30\/revisions"}],"predecessor-version":[{"id":179,"href":"https:\/\/dr-thost.de\/index.php\/wp-json\/wp\/v2\/pages\/30\/revisions\/179"}],"up":[{"embeddable":true,"href":"https:\/\/dr-thost.de\/index.php\/wp-json\/wp\/v2\/pages\/114"}],"wp:attachment":[{"href":"https:\/\/dr-thost.de\/index.php\/wp-json\/wp\/v2\/media?parent=30"}],"curies":[{"name":"wp","href":"https:\/\/api.w.org\/{rel}","templated":true}]}}