{"id":8,"date":"2022-12-06T17:40:39","date_gmt":"2022-12-06T16:40:39","guid":{"rendered":"https:\/\/wp10599628.server-he.de\/?page_id=8"},"modified":"2024-03-17T20:47:05","modified_gmt":"2024-03-17T19:47:05","slug":"homepage","status":"publish","type":"page","link":"https:\/\/dr-thost.de\/","title":{"rendered":"Pneumologische Schwerpunktpraxis Dr. med. Friedhelm Thost"},"content":{"rendered":"\n<h3 class=\"wp-block-heading\"><strong>\u00c4rzte der Praxis:<\/strong><\/h3>\n\n\n\n<p><strong>Dr. med. Friedhelm Thost<\/strong><br>Facharzt f\u00fcr Innere Medizin (Schwerpunkt Pneumologie)<\/p>\n\n\n\n<p><strong>Maciej Halecki<\/strong><br>Facharzt f\u00fcr Innere Medizin (Schwerpunkt Pneumologie)<\/p>\n\n\n\n<p>Bahnhofsplatz 2<br>96450 Coburg<\/p>\n\n\n\n<p>Telefon: 0 95 61 \/ 9 04 94<br>Telefax: 0 95 61 \/&nbsp;9 05 10<br>E-Mail: praxis@dr-thost.de<\/p>\n\n\n\n<h3 class=\"wp-block-heading\"><strong>Sprechzeiten<\/strong> (Bitte beachten Sie ge\u00e4nderte Telefonzeiten unter Aktuelles!)<\/h3>\n\n\n\n<figure class=\"wp-block-table\"><table><tbody><tr><td><strong>Wochentag<\/strong><\/td><td><strong>Vormittags<\/strong><\/td><td><strong>Nachmittags<\/strong><\/td><\/tr><tr><td>Montag<\/td><td>08:00-12:00<\/td><td>14:00-18:00<\/td><\/tr><tr><td>Dienstag<\/td><td>08:00-13:00<\/td><td>14:00-17:00<\/td><\/tr><tr><td>Mittwoch<\/td><td>08:00-13:00<\/td><td>&nbsp;<\/td><\/tr><tr><td>Donnerstag<\/td><td>08:00-12:00<\/td><td>14:00-18:00<\/td><\/tr><tr><td>Freitag<\/td><td>08:00-12:00<\/td><td>&nbsp;<\/td><\/tr><\/tbody><\/table><\/figure>\n\n\n\n<h3 class=\"wp-block-heading\"><strong>Zusatzbezeichnungen:<\/strong><\/h3>\n\n\n\n<p>Allergologie<br>Notfallmedizin<br>Schlafmedizin<\/p>\n\n\n\n<h3 class=\"wp-block-heading\"><strong>Genehmigungen:<\/strong><\/h3>\n\n\n\n<p>Allgemeine R\u00f6ntgendiagnostik<br>DMP-Asthma\/COPD_FA_Pneumologisch qualif. Arzt<br>DMP-Asthma\/COPD_Koordinierender Arzt<br>Laborleistungen gem. Kapitel 32.3 EBM<br>Schlafapnoe-Therapie: GOP 30900<br>Schlafbez. Atmungsst\u00f6rung\/kard. Polygraphie<br>Schulung_DMP-Asthma_NASA<br>Schulung_DMP-COPD_COBRA<br>Verordnung von medizinischer Rehabilitation<\/p>\n\n\n\n<h3 class=\"wp-block-heading\"><strong>Besondere Vertragsangebote:<\/strong><\/h3>\n\n\n\n<p>Labor<br>Reha-Verordnungen<\/p>\n","protected":false},"excerpt":{"rendered":"<p>\u00c4rzte der Praxis: Dr. med. Friedhelm ThostFacharzt f\u00fcr Innere Medizin (Schwerpunkt Pneumologie) Maciej HaleckiFacharzt f\u00fcr Innere Medizin (Schwerpunkt Pneumologie) Bahnhofsplatz 296450 Coburg Telefon: 0 95 61 \/ 9 04 94Telefax: 0 95 61 \/&nbsp;9 05 10E-Mail: praxis@dr-thost.de Sprechzeiten (Bitte beachten &hellip; <a href=\"https:\/\/dr-thost.de\/\">Weiterlesen <span class=\"meta-nav\">&rarr;<\/span><\/a><\/p>\n","protected":false},"author":1,"featured_media":0,"parent":0,"menu_order":0,"comment_status":"closed","ping_status":"closed","template":"onecolumn-page.php","meta":{"footnotes":""},"class_list":["post-8","page","type-page","status-publish","hentry"],"_links":{"self":[{"href":"https:\/\/dr-thost.de\/index.php\/wp-json\/wp\/v2\/pages\/8","targetHints":{"allow":["GET"]}}],"collection":[{"href":"https:\/\/dr-thost.de\/index.php\/wp-json\/wp\/v2\/pages"}],"about":[{"href":"https:\/\/dr-thost.de\/index.php\/wp-json\/wp\/v2\/types\/page"}],"author":[{"embeddable":true,"href":"https:\/\/dr-thost.de\/index.php\/wp-json\/wp\/v2\/users\/1"}],"replies":[{"embeddable":true,"href":"https:\/\/dr-thost.de\/index.php\/wp-json\/wp\/v2\/comments?post=8"}],"version-history":[{"count":7,"href":"https:\/\/dr-thost.de\/index.php\/wp-json\/wp\/v2\/pages\/8\/revisions"}],"predecessor-version":[{"id":189,"href":"https:\/\/dr-thost.de\/index.php\/wp-json\/wp\/v2\/pages\/8\/revisions\/189"}],"wp:attachment":[{"href":"https:\/\/dr-thost.de\/index.php\/wp-json\/wp\/v2\/media?parent=8"}],"curies":[{"name":"wp","href":"https:\/\/api.w.org\/{rel}","templated":true}]}}