{"id":93,"date":"2022-12-06T19:35:30","date_gmt":"2022-12-06T18:35:30","guid":{"rendered":"https:\/\/wp10599628.server-he.de\/?page_id=93"},"modified":"2022-12-06T20:16:13","modified_gmt":"2022-12-06T19:16:13","slug":"vortraege","status":"publish","type":"page","link":"https:\/\/dr-thost.de\/index.php\/praxis\/vortraege\/","title":{"rendered":"Vortr\u00e4ge"},"content":{"rendered":"\n<p>Herr Dr. med. Thost ist als Referent f\u00fcr Themen aus dem Bereich der Pneumologie t\u00e4tig. F\u00fcr Einzelheiten \u00fcber Themen, Termine oder Zielgruppen wie auch f\u00fcr Anfragen steht er Ihnen gerne <a href=\"https:\/\/dr-thost.de\/index.php\/praxis\/telefonzeiten\/\">telefonisch<\/a> zur Verf\u00fcgung.<\/p>\n","protected":false},"excerpt":{"rendered":"<p>Herr Dr. med. Thost ist als Referent f\u00fcr Themen aus dem Bereich der Pneumologie t\u00e4tig. F\u00fcr Einzelheiten \u00fcber Themen, Termine oder Zielgruppen wie auch f\u00fcr Anfragen steht er Ihnen gerne telefonisch zur Verf\u00fcgung.<\/p>\n","protected":false},"author":1,"featured_media":0,"parent":114,"menu_order":0,"comment_status":"closed","ping_status":"closed","template":"","meta":{"footnotes":""},"class_list":["post-93","page","type-page","status-publish","hentry"],"_links":{"self":[{"href":"https:\/\/dr-thost.de\/index.php\/wp-json\/wp\/v2\/pages\/93","targetHints":{"allow":["GET"]}}],"collection":[{"href":"https:\/\/dr-thost.de\/index.php\/wp-json\/wp\/v2\/pages"}],"about":[{"href":"https:\/\/dr-thost.de\/index.php\/wp-json\/wp\/v2\/types\/page"}],"author":[{"embeddable":true,"href":"https:\/\/dr-thost.de\/index.php\/wp-json\/wp\/v2\/users\/1"}],"replies":[{"embeddable":true,"href":"https:\/\/dr-thost.de\/index.php\/wp-json\/wp\/v2\/comments?post=93"}],"version-history":[{"count":2,"href":"https:\/\/dr-thost.de\/index.php\/wp-json\/wp\/v2\/pages\/93\/revisions"}],"predecessor-version":[{"id":141,"href":"https:\/\/dr-thost.de\/index.php\/wp-json\/wp\/v2\/pages\/93\/revisions\/141"}],"up":[{"embeddable":true,"href":"https:\/\/dr-thost.de\/index.php\/wp-json\/wp\/v2\/pages\/114"}],"wp:attachment":[{"href":"https:\/\/dr-thost.de\/index.php\/wp-json\/wp\/v2\/media?parent=93"}],"curies":[{"name":"wp","href":"https:\/\/api.w.org\/{rel}","templated":true}]}}