{"id":96,"date":"2022-12-06T19:36:55","date_gmt":"2022-12-06T18:36:55","guid":{"rendered":"https:\/\/wp10599628.server-he.de\/?page_id=96"},"modified":"2025-06-01T19:30:28","modified_gmt":"2025-06-01T18:30:28","slug":"aktuelles-2","status":"publish","type":"page","link":"https:\/\/dr-thost.de\/index.php\/aktuelles-2\/","title":{"rendered":"Aktuelles"},"content":{"rendered":"\n<p>Vom 07.06.2025 bis zum 22.06.2025 bleibt die Praxis urlaubsbedingt geschlossen. Die Vertretung in diesem Zeitraum erfahren Sie unter der Telefonnummer der Praxis 09561\/90494.<\/p>\n\n\n\n<h2 class=\"wp-block-heading\">Referentent\u00e4tigkeit<\/h2>\n\n\n\n<p>Herr Dr. med. Thost steht Ihnen als Referent, unter anderem f\u00fcr \u00e4rztliche Qualit\u00e4tszirkel, zur Verf\u00fcgung. F\u00fcr Einzelheiten \u00fcber Themen oder Termine, wie auch f\u00fcr konkrete Anfragen, steht er gerne telefonisch zur Verf\u00fcgung.<\/p>\n","protected":false},"excerpt":{"rendered":"<p>Vom 07.06.2025 bis zum 22.06.2025 bleibt die Praxis urlaubsbedingt geschlossen. Die Vertretung in diesem Zeitraum erfahren Sie unter der Telefonnummer der Praxis 09561\/90494. Referentent\u00e4tigkeit Herr Dr. med. Thost steht Ihnen als Referent, unter anderem f\u00fcr \u00e4rztliche Qualit\u00e4tszirkel, zur Verf\u00fcgung. F\u00fcr &hellip; <a href=\"https:\/\/dr-thost.de\/index.php\/aktuelles-2\/\">Weiterlesen <span class=\"meta-nav\">&rarr;<\/span><\/a><\/p>\n","protected":false},"author":1,"featured_media":0,"parent":0,"menu_order":0,"comment_status":"closed","ping_status":"closed","template":"","meta":{"footnotes":""},"class_list":["post-96","page","type-page","status-publish","hentry"],"_links":{"self":[{"href":"https:\/\/dr-thost.de\/index.php\/wp-json\/wp\/v2\/pages\/96","targetHints":{"allow":["GET"]}}],"collection":[{"href":"https:\/\/dr-thost.de\/index.php\/wp-json\/wp\/v2\/pages"}],"about":[{"href":"https:\/\/dr-thost.de\/index.php\/wp-json\/wp\/v2\/types\/page"}],"author":[{"embeddable":true,"href":"https:\/\/dr-thost.de\/index.php\/wp-json\/wp\/v2\/users\/1"}],"replies":[{"embeddable":true,"href":"https:\/\/dr-thost.de\/index.php\/wp-json\/wp\/v2\/comments?post=96"}],"version-history":[{"count":4,"href":"https:\/\/dr-thost.de\/index.php\/wp-json\/wp\/v2\/pages\/96\/revisions"}],"predecessor-version":[{"id":199,"href":"https:\/\/dr-thost.de\/index.php\/wp-json\/wp\/v2\/pages\/96\/revisions\/199"}],"wp:attachment":[{"href":"https:\/\/dr-thost.de\/index.php\/wp-json\/wp\/v2\/media?parent=96"}],"curies":[{"name":"wp","href":"https:\/\/api.w.org\/{rel}","templated":true}]}}